{"id":92,"date":"2026-05-14T07:34:53","date_gmt":"2026-05-14T07:34:53","guid":{"rendered":"https:\/\/www.avant-lheure.fr\/?page_id=92"},"modified":"2026-05-14T12:01:04","modified_gmt":"2026-05-14T12:01:04","slug":"nos-ateliers","status":"publish","type":"page","link":"https:\/\/www.avant-lheure.fr\/index.php\/nos-ateliers\/","title":{"rendered":"Nos ateliers"},"content":{"rendered":"\n<p>1- Atelier<br>Venez partager un moment cr\u00e9atif et convivial. Les fleurs, mat\u00e9riel et les accessoires sont<br>fournis ! Repartez avec votre cr\u00e9ation !<\/p>\n\n\n\n<p><br>Atelier Enfant :\u00a0Votre enfant a besoin de s\u2019exprimer, il a une imagination d\u00e9bordante alors<br>inscrivez le vite \u00e0 nos ateliers floral ou cr\u00e9atif !<br>Enfant \u00e0 partir de 6ans. * anniversaire enfant 18\u20ac\/pers<br>Atelier Adulte :\u00a0Besoin de vous \u00e9vader seul ou accompagn\u00e9 pour profiter d\u2019un instant<br>d\u2019\u00e9change autour d\u2019une activit\u00e9.<br>Nos ateliers sont fait pour vous ! 35\u20ac\/pers<br>Atelier Adulte\/Enfant :\u00a0Venez avec votre enfant, petit enfant, neveux, ni\u00e8ce, \u2026 pour cr\u00e9er,<br>d\u00e9couvrir ensemble des techniques et repartez avec Votre cr\u00e9ation unique.<br>Enfant \u00e0 partir de 4 ans. Tarif par bin\u00f4me : 35\u20ac<\/p>\n\n\n\n<p>(Planning)<br>2- L\u2019atelier privatif<br>Anniversaire d\u2019Enfant :&nbsp;Vous cherchez une activit\u00e9 d\u2019anniversaire pour votre enfant et ses<br>amis ! Choisissez un th\u00e8me propos\u00e9 suivants les saisons et planifions ensemble la date tant<br>attendue. Devis sur demande. Pr\u00e9sence d\u2019un parent obligatoire.<\/p>\n\n\n\n<p>Enterrement de vie de jeune fille, moment coh\u00e9sion d\u2019entreprise, apr\u00e8s-midi entre<br>amis \u2026 :&nbsp;Organisons ensemble ce moment de d\u00e9tente qui fera l\u2019unanimit\u00e9 ! Devis sur<br>demande.<\/p>\n\n\n\n<p>L\u2019atelier de mon mariage :&nbsp;F\u00e9licitation, vous \u00eates dans les pr\u00e9paratifs de votre Mariage et<br>vous souhaitez faire la d\u00e9coration florale vous-m\u00eames, accompagn\u00e9 de votre team, car cela<br>vous tient \u00e0 c\u0153ur de pr\u00e9parer personnellement ce jour.<br>Mais vous n\u2019\u00eates pas Fleuriste et souhaitez que ce jour soit parfait.<br>Nous avons une solution pour vous, nous allons vous coacher !<br>Cela se d\u00e9roule de la fa\u00e7on suivante :<br>\uf0a7 1er rendez-vous : Nous \u00e9changeons ensemble sur vos envies, vos souhaites\u2026<br>Trions et cr\u00e9ons un book d\u2019inspiration qui vous permettra de suivre une ligne de<br>conduite pour ne pas vous perdre dans toutes vos id\u00e9es.<br>\uf0a7 2eme rendez-vous : Atelier floral pour la cr\u00e9ation du centre de table (ou autre selon<br>vos besoins) avec vos petites mains du jour J .<br>\uf0a7 Nous quantifions vos besoins en fleurs et accessoires afin de ne pas avoir de<br>mauvaise surprise le jour du Mariage<\/p>\n","protected":false},"excerpt":{"rendered":"<p>1- AtelierVenez partager un moment cr\u00e9atif et convivial. Les fleurs, mat\u00e9riel et les accessoires sontfournis ! Repartez avec votre cr\u00e9ation [&hellip;]<\/p>\n","protected":false},"author":1,"featured_media":0,"parent":0,"menu_order":0,"comment_status":"closed","ping_status":"closed","template":"","meta":{"site-sidebar-layout":"default","site-content-layout":"","ast-site-content-layout":"default","site-content-style":"default","site-sidebar-style":"default","ast-global-header-display":"","ast-banner-title-visibility":"","ast-main-header-display":"","ast-hfb-above-header-display":"","ast-hfb-below-header-display":"","ast-hfb-mobile-header-display":"","site-post-title":"","ast-breadcrumbs-content":"","ast-featured-img":"","footer-sml-layout":"","ast-disable-related-posts":"","theme-transparent-header-meta":"","adv-header-id-meta":"","stick-header-meta":"","header-above-stick-meta":"","header-main-stick-meta":"","header-below-stick-meta":"","astra-migrate-meta-layouts":"default","ast-page-background-enabled":"default","ast-page-background-meta":{"desktop":{"background-color":"var(--ast-global-color-5)","background-image":"","background-repeat":"repeat","background-position":"center center","background-size":"auto","background-attachment":"scroll","background-type":"","background-media":"","overlay-type":"","overlay-color":"","overlay-opacity":"","overlay-gradient":""},"tablet":{"background-color":"","background-image":"","background-repeat":"repeat","background-position":"center center","background-size":"auto","background-attachment":"scroll","background-type":"","background-media":"","overlay-type":"","overlay-color":"","overlay-opacity":"","overlay-gradient":""},"mobile":{"background-color":"","background-image":"","background-repeat":"repeat","background-position":"center center","background-size":"auto","background-attachment":"scroll","background-type":"","background-media":"","overlay-type":"","overlay-color":"","overlay-opacity":"","overlay-gradient":""}},"ast-content-background-meta":{"desktop":{"background-color":"var(--ast-global-color-4)","background-image":"","background-repeat":"repeat","background-position":"center center","background-size":"auto","background-attachment":"scroll","background-type":"","background-media":"","overlay-type":"","overlay-color":"","overlay-opacity":"","overlay-gradient":""},"tablet":{"background-color":"var(--ast-global-color-4)","background-image":"","background-repeat":"repeat","background-position":"center center","background-size":"auto","background-attachment":"scroll","background-type":"","background-media":"","overlay-type":"","overlay-color":"","overlay-opacity":"","overlay-gradient":""},"mobile":{"background-color":"var(--ast-global-color-4)","background-image":"","background-repeat":"repeat","background-position":"center center","background-size":"auto","background-attachment":"scroll","background-type":"","background-media":"","overlay-type":"","overlay-color":"","overlay-opacity":"","overlay-gradient":""}},"footnotes":""},"class_list":["post-92","page","type-page","status-publish","hentry"],"_links":{"self":[{"href":"https:\/\/www.avant-lheure.fr\/index.php\/wp-json\/wp\/v2\/pages\/92","targetHints":{"allow":["GET"]}}],"collection":[{"href":"https:\/\/www.avant-lheure.fr\/index.php\/wp-json\/wp\/v2\/pages"}],"about":[{"href":"https:\/\/www.avant-lheure.fr\/index.php\/wp-json\/wp\/v2\/types\/page"}],"author":[{"embeddable":true,"href":"https:\/\/www.avant-lheure.fr\/index.php\/wp-json\/wp\/v2\/users\/1"}],"replies":[{"embeddable":true,"href":"https:\/\/www.avant-lheure.fr\/index.php\/wp-json\/wp\/v2\/comments?post=92"}],"version-history":[{"count":4,"href":"https:\/\/www.avant-lheure.fr\/index.php\/wp-json\/wp\/v2\/pages\/92\/revisions"}],"predecessor-version":[{"id":180,"href":"https:\/\/www.avant-lheure.fr\/index.php\/wp-json\/wp\/v2\/pages\/92\/revisions\/180"}],"wp:attachment":[{"href":"https:\/\/www.avant-lheure.fr\/index.php\/wp-json\/wp\/v2\/media?parent=92"}],"curies":[{"name":"wp","href":"https:\/\/api.w.org\/{rel}","templated":true}]}}